{"id":5300,"date":"2022-12-16T20:07:26","date_gmt":"2022-12-16T20:07:26","guid":{"rendered":"https:\/\/gb.maisonlesremparts.com\/guests\/?page_id=5300"},"modified":"2024-08-06T10:32:07","modified_gmt":"2024-08-06T10:32:07","slug":"emergencies","status":"publish","type":"page","link":"https:\/\/gb.maisonlesremparts.com\/guests\/emergencies\/","title":{"rendered":"Emergency Situations"},"content":{"rendered":"\t\t<div data-elementor-type=\"wp-page\" data-elementor-id=\"5300\" class=\"elementor elementor-5300\" data-elementor-settings=\"[]\">\n\t\t\t<div class=\"elementor-inner\">\n\t\t\t\t<div class=\"elementor-section-wrap\">\n\t\t\t\t\t\t\t<section class=\"elementor-element elementor-element-ed24bff elementor-section-boxed elementor-section-height-default elementor-section-height-default elementor-section elementor-top-section\" data-id=\"ed24bff\" data-element_type=\"section\">\n\t\t\t\t\t\t<div class=\"elementor-container elementor-column-gap-default\">\n\t\t\t\t<div class=\"elementor-row\">\n\t\t\t\t<div class=\"elementor-element elementor-element-1ebe0e9 elementor-column elementor-col-100 elementor-top-column\" data-id=\"1ebe0e9\" data-element_type=\"column\">\n\t\t\t<div class=\"elementor-column-wrap  elementor-element-populated\">\n\t\t\t\t\t<div class=\"elementor-widget-wrap\">\n\t\t\t\t<div class=\"elementor-element elementor-element-51ff194 elementor-widget elementor-widget-heading\" data-id=\"51ff194\" data-element_type=\"widget\" data-widget_type=\"heading.default\">\n\t\t\t\t<div class=\"elementor-widget-container\">\n\t\t\t<h2 class=\"elementor-heading-title elementor-size-default\">Emergency Situations<\/h2>\t\t<\/div>\n\t\t\t\t<\/div>\n\t\t\t\t\t\t<\/div>\n\t\t\t<\/div>\n\t\t<\/div>\n\t\t\t\t\t\t<\/div>\n\t\t\t<\/div>\n\t\t<\/section>\n\t\t\t\t<section class=\"elementor-element elementor-element-5d86022 elementor-section-boxed elementor-section-height-default elementor-section-height-default elementor-section elementor-top-section\" data-id=\"5d86022\" data-element_type=\"section\">\n\t\t\t\t\t\t<div class=\"elementor-container elementor-column-gap-default\">\n\t\t\t\t<div class=\"elementor-row\">\n\t\t\t\t<div class=\"elementor-element elementor-element-0df9ac0 elementor-column elementor-col-100 elementor-top-column\" data-id=\"0df9ac0\" data-element_type=\"column\">\n\t\t\t<div class=\"elementor-column-wrap  elementor-element-populated\">\n\t\t\t\t\t<div class=\"elementor-widget-wrap\">\n\t\t\t\t<div class=\"elementor-element elementor-element-5823761 elementor-widget elementor-widget-text-editor\" data-id=\"5823761\" data-element_type=\"widget\" data-widget_type=\"text-editor.default\">\n\t\t\t\t<div class=\"elementor-widget-container\">\n\t\t\t\t\t<div class=\"elementor-text-editor elementor-clearfix\"><p>To avoid a serious emergency situation please note the following:<\/p><\/div>\n\t\t\t\t<\/div>\n\t\t\t\t<\/div>\n\t\t\t\t\t\t<\/div>\n\t\t\t<\/div>\n\t\t<\/div>\n\t\t\t\t\t\t<\/div>\n\t\t\t<\/div>\n\t\t<\/section>\n\t\t\t\t<section class=\"elementor-element elementor-element-d9902b1 elementor-section-boxed elementor-section-height-default elementor-section-height-default elementor-section elementor-top-section\" data-id=\"d9902b1\" data-element_type=\"section\">\n\t\t\t\t\t\t<div class=\"elementor-container elementor-column-gap-default\">\n\t\t\t\t<div class=\"elementor-row\">\n\t\t\t\t<div class=\"elementor-element elementor-element-f300cab elementor-column elementor-col-100 elementor-top-column\" data-id=\"f300cab\" data-element_type=\"column\">\n\t\t\t<div class=\"elementor-column-wrap  elementor-element-populated\">\n\t\t\t\t\t<div class=\"elementor-widget-wrap\">\n\t\t\t\t<div class=\"elementor-element elementor-element-4f46cac elementor-widget elementor-widget-text-editor\" data-id=\"4f46cac\" data-element_type=\"widget\" data-widget_type=\"text-editor.default\">\n\t\t\t\t<div class=\"elementor-widget-container\">\n\t\t\t\t\t<div class=\"elementor-text-editor elementor-clearfix\"><p><strong>Personal Injury<\/strong><\/p><ul><li>Please ensure that everyone in your group has read and is aware of the information provided in the section of the website &#8220;<a href=\"https:\/\/gb.maisonlesremparts.com\/guests\/security-2\">House &amp; Personal Safety &amp; Security<\/a>&#8220;.<\/li><li>Please keep the telephone number of our Housekeeper to hand and contact them with any questions about how things work in the house or concerns about your safety or security.\u00a0<\/li><li>There is a First Aid kit hanging in the kitchen beneath the TV. THis contains basic bandages. There is a pharmacy in the village.<\/li><li>The numbers for the hospital and local doctor\/ dentist are provided <a href=\"https:\/\/gb.maisonlesremparts.com\/guests\/medical\">here<\/a>.\u00a0<\/li><\/ul><\/div>\n\t\t\t\t<\/div>\n\t\t\t\t<\/div>\n\t\t\t\t\t\t<\/div>\n\t\t\t<\/div>\n\t\t<\/div>\n\t\t\t\t\t\t<\/div>\n\t\t\t<\/div>\n\t\t<\/section>\n\t\t\t\t<section class=\"elementor-element elementor-element-bf41a5d elementor-section-boxed elementor-section-height-default elementor-section-height-default elementor-section elementor-top-section\" data-id=\"bf41a5d\" data-element_type=\"section\">\n\t\t\t\t\t\t<div class=\"elementor-container elementor-column-gap-default\">\n\t\t\t\t<div class=\"elementor-row\">\n\t\t\t\t<div class=\"elementor-element elementor-element-e62e881 elementor-column elementor-col-50 elementor-top-column\" data-id=\"e62e881\" data-element_type=\"column\">\n\t\t\t<div class=\"elementor-column-wrap  elementor-element-populated\">\n\t\t\t\t\t<div class=\"elementor-widget-wrap\">\n\t\t\t\t<div class=\"elementor-element elementor-element-3db6bcc elementor-widget elementor-widget-text-editor\" data-id=\"3db6bcc\" data-element_type=\"widget\" data-widget_type=\"text-editor.default\">\n\t\t\t\t<div class=\"elementor-widget-container\">\n\t\t\t\t\t<div class=\"elementor-text-editor elementor-clearfix\"><p><strong>Fire\/ Smell Gas<\/strong><\/p><ul><li>There are fire extinguishers provided in the Kitchen, upstairs Games Room and upstairs back Landing.<\/li><li>Gas can be isolated at the tank buried in the ground in the front terrace and just below the boiler itself. To isolate at the tank please lift the circular lid and turn the valve clockwise.<\/li><li>In the event of serious fire risk please call 112 from a landline or mobile &#8216;phone. Operators normally speak English.<\/li><\/ul><\/div>\n\t\t\t\t<\/div>\n\t\t\t\t<\/div>\n\t\t\t\t\t\t<\/div>\n\t\t\t<\/div>\n\t\t<\/div>\n\t\t\t\t<div class=\"elementor-element elementor-element-7c689c6 elementor-column elementor-col-50 elementor-top-column\" data-id=\"7c689c6\" data-element_type=\"column\">\n\t\t\t<div class=\"elementor-column-wrap  elementor-element-populated\">\n\t\t\t\t\t<div class=\"elementor-widget-wrap\">\n\t\t\t\t<div class=\"elementor-element elementor-element-b813c8f elementor-widget elementor-widget-image\" data-id=\"b813c8f\" data-element_type=\"widget\" data-widget_type=\"image.default\">\n\t\t\t\t<div class=\"elementor-widget-container\">\n\t\t\t\t\t<div class=\"elementor-image\">\n\t\t\t\t\t\t\t\t\t\t<img decoding=\"async\" src=\"https:\/\/gb.maisonlesremparts.com\/guests\/wp-content\/uploads\/elementor\/thumbs\/IMG_6591-pzedjcdkgus7r7eg2rklf5yc07rqyt5r1h9fxy7wdc.jpg\" title=\"IMG_6591\" alt=\"IMG_6591\" \/>\t\t\t\t\t\t\t\t\t\t\t<\/div>\n\t\t\t\t<\/div>\n\t\t\t\t<\/div>\n\t\t\t\t\t\t<\/div>\n\t\t\t<\/div>\n\t\t<\/div>\n\t\t\t\t\t\t<\/div>\n\t\t\t<\/div>\n\t\t<\/section>\n\t\t\t\t<section class=\"elementor-element elementor-element-6daf42a elementor-section-boxed elementor-section-height-default elementor-section-height-default elementor-section elementor-top-section\" data-id=\"6daf42a\" data-element_type=\"section\">\n\t\t\t\t\t\t<div class=\"elementor-container elementor-column-gap-default\">\n\t\t\t\t<div class=\"elementor-row\">\n\t\t\t\t<div class=\"elementor-element elementor-element-c021a4b elementor-column elementor-col-50 elementor-top-column\" data-id=\"c021a4b\" data-element_type=\"column\">\n\t\t\t<div class=\"elementor-column-wrap  elementor-element-populated\">\n\t\t\t\t\t<div class=\"elementor-widget-wrap\">\n\t\t\t\t<div class=\"elementor-element elementor-element-9fd8aa6 elementor-widget elementor-widget-text-editor\" data-id=\"9fd8aa6\" data-element_type=\"widget\" data-widget_type=\"text-editor.default\">\n\t\t\t\t<div class=\"elementor-widget-container\">\n\t\t\t\t\t<div class=\"elementor-text-editor elementor-clearfix\"><p><strong>Leaking Water<\/strong><\/p><ul><li>All water for the house can be turned off at the stop cock which is the large pipe (second to right) found under the dryer in the utility room<\/li><li>For damage to the roof please contact the Housekeeper immediately who will arrange for an artisan to attend as quickly as possible.<\/li><li>The water company Sogedo (urgences eau) :05 57 94 01 70<\/li><\/ul><\/div>\n\t\t\t\t<\/div>\n\t\t\t\t<\/div>\n\t\t\t\t\t\t<\/div>\n\t\t\t<\/div>\n\t\t<\/div>\n\t\t\t\t<div class=\"elementor-element elementor-element-ba9b3c9 elementor-column elementor-col-50 elementor-top-column\" data-id=\"ba9b3c9\" data-element_type=\"column\">\n\t\t\t<div class=\"elementor-column-wrap  elementor-element-populated\">\n\t\t\t\t\t<div class=\"elementor-widget-wrap\">\n\t\t\t\t<div class=\"elementor-element elementor-element-5098baa elementor-widget elementor-widget-image\" data-id=\"5098baa\" data-element_type=\"widget\" data-widget_type=\"image.default\">\n\t\t\t\t<div class=\"elementor-widget-container\">\n\t\t\t\t\t<div class=\"elementor-image\">\n\t\t\t\t\t\t\t\t\t\t<img decoding=\"async\" src=\"https:\/\/gb.maisonlesremparts.com\/guests\/wp-content\/uploads\/2021\/04\/IMG_1566-scaled.jpg\" title=\"IMG_1566\" alt=\"IMG_1566\" \/>\t\t\t\t\t\t\t\t\t\t\t<\/div>\n\t\t\t\t<\/div>\n\t\t\t\t<\/div>\n\t\t\t\t\t\t<\/div>\n\t\t\t<\/div>\n\t\t<\/div>\n\t\t\t\t\t\t<\/div>\n\t\t\t<\/div>\n\t\t<\/section>\n\t\t\t\t<section class=\"elementor-element elementor-element-f1b7240 elementor-section-boxed elementor-section-height-default elementor-section-height-default elementor-section elementor-top-section\" data-id=\"f1b7240\" data-element_type=\"section\">\n\t\t\t\t\t\t<div class=\"elementor-container elementor-column-gap-default\">\n\t\t\t\t<div class=\"elementor-row\">\n\t\t\t\t<div class=\"elementor-element elementor-element-dbc0fba elementor-column elementor-col-50 elementor-top-column\" data-id=\"dbc0fba\" data-element_type=\"column\">\n\t\t\t<div class=\"elementor-column-wrap  elementor-element-populated\">\n\t\t\t\t\t<div class=\"elementor-widget-wrap\">\n\t\t\t\t<div class=\"elementor-element elementor-element-9aa1fb6 elementor-widget elementor-widget-text-editor\" data-id=\"9aa1fb6\" data-element_type=\"widget\" data-widget_type=\"text-editor.default\">\n\t\t\t\t<div class=\"elementor-widget-container\">\n\t\t\t\t\t<div class=\"elementor-text-editor elementor-clearfix\"><p><strong>Power Cut<\/strong><\/p><ul><li>In the event of a power cut please confirm that the main switch has not fused. This can be found in the Gym and is a black button (pressing the white button turns everything off). Please press it down to confirm that power is entering the property. If this is OK then please look at the <a href=\"https:\/\/gb.maisonlesremparts.com\/guests\/fuseboard\">fuseboard<\/a> in the Utility Room or Gym.<\/li><li>To confirm that an individual circuit hasn&#8217;t fused see if any is facing the opposite direction to the others. If it is then you can try and turn the switch back to the &#8220;on&#8221; position. If it doesn&#8217;t stay in the &#8220;on&#8221; position then please contact the Housekeeper immediately.<\/li><li>In the event that you are without lighting there are two wall mounted rechargeable torches for you to use located in the Hall, Upstairs Back Landing and at the top of the stairs going to the Games Room.<\/li><li>The company maintaining the electricity system, Enedis (d\u00e9pannage) :09 72 67 50 33. Please ask the Housekeeper to manage any issues arising with respect to this company.<\/li><\/ul><\/div>\n\t\t\t\t<\/div>\n\t\t\t\t<\/div>\n\t\t\t\t\t\t<\/div>\n\t\t\t<\/div>\n\t\t<\/div>\n\t\t\t\t<div class=\"elementor-element elementor-element-b008e9e elementor-column elementor-col-50 elementor-top-column\" data-id=\"b008e9e\" data-element_type=\"column\">\n\t\t\t<div class=\"elementor-column-wrap  elementor-element-populated\">\n\t\t\t\t\t<div class=\"elementor-widget-wrap\">\n\t\t\t\t<div class=\"elementor-element elementor-element-0858dc4 elementor-widget elementor-widget-image\" data-id=\"0858dc4\" data-element_type=\"widget\" data-widget_type=\"image.default\">\n\t\t\t\t<div class=\"elementor-widget-container\">\n\t\t\t\t\t<div class=\"elementor-image\">\n\t\t\t\t\t\t\t\t\t\t<img decoding=\"async\" src=\"https:\/\/gb.maisonlesremparts.com\/guests\/wp-content\/uploads\/2023\/05\/Picture4.jpg\" title=\"Picture4\" alt=\"Picture4\" \/>\t\t\t\t\t\t\t\t\t\t\t<\/div>\n\t\t\t\t<\/div>\n\t\t\t\t<\/div>\n\t\t\t\t\t\t<\/div>\n\t\t\t<\/div>\n\t\t<\/div>\n\t\t\t\t\t\t<\/div>\n\t\t\t<\/div>\n\t\t<\/section>\n\t\t\t\t<section class=\"elementor-element elementor-element-5245587 elementor-section-boxed elementor-section-height-default elementor-section-height-default elementor-section elementor-top-section\" data-id=\"5245587\" data-element_type=\"section\">\n\t\t\t\t\t\t<div class=\"elementor-container elementor-column-gap-default\">\n\t\t\t\t<div class=\"elementor-row\">\n\t\t\t\t<div class=\"elementor-element elementor-element-472672e elementor-column elementor-col-100 elementor-top-column\" data-id=\"472672e\" data-element_type=\"column\">\n\t\t\t<div class=\"elementor-column-wrap  elementor-element-populated\">\n\t\t\t\t\t<div class=\"elementor-widget-wrap\">\n\t\t\t\t<div class=\"elementor-element elementor-element-26763a6 elementor-widget elementor-widget-text-editor\" data-id=\"26763a6\" data-element_type=\"widget\" data-widget_type=\"text-editor.default\">\n\t\t\t\t<div class=\"elementor-widget-container\">\n\t\t\t\t\t<div class=\"elementor-text-editor elementor-clearfix\"><p><strong>Burglary<\/strong><\/p><ul><li>Keeping doors and windows closed and locked will minimise this risk. You are responsible for the security of your items and the items in the property belonging to the owner whilst you are staying at Les Remparts. Please ensure that you have purchased travel insurance to cover these risks.<\/li><li>In the event theft from the property please report this immediately to the Housekeeper.<\/li><li>Call 112 from a landline or mobile &#8216;phone if you are in any danger. Operators normally speak English.<\/li><li>Gendarmarie 05 57 41 93 20;\u00a0Communaut\u00e9 de brigade Ste Foy-Gensac command\u00e9e par le Major Roger Lagut\u00e8re<\/li><\/ul><\/div>\n\t\t\t\t<\/div>\n\t\t\t\t<\/div>\n\t\t\t\t\t\t<\/div>\n\t\t\t<\/div>\n\t\t<\/div>\n\t\t\t\t\t\t<\/div>\n\t\t\t<\/div>\n\t\t<\/section>\n\t\t\t\t<section class=\"elementor-element elementor-element-f1b226d elementor-section-boxed elementor-section-height-default elementor-section-height-default elementor-section elementor-top-section\" data-id=\"f1b226d\" data-element_type=\"section\">\n\t\t\t\t\t\t<div class=\"elementor-container elementor-column-gap-default\">\n\t\t\t\t<div class=\"elementor-row\">\n\t\t\t\t<div class=\"elementor-element elementor-element-85e4d42 elementor-column elementor-col-100 elementor-top-column\" data-id=\"85e4d42\" data-element_type=\"column\">\n\t\t\t<div class=\"elementor-column-wrap  elementor-element-populated\">\n\t\t\t\t\t<div class=\"elementor-widget-wrap\">\n\t\t\t\t<div class=\"elementor-element elementor-element-357c408 elementor-widget elementor-widget-spacer\" data-id=\"357c408\" data-element_type=\"widget\" data-widget_type=\"spacer.default\">\n\t\t\t\t<div class=\"elementor-widget-container\">\n\t\t\t\t\t<div class=\"elementor-spacer\">\n\t\t\t<div class=\"elementor-spacer-inner\"><\/div>\n\t\t<\/div>\n\t\t\t\t<\/div>\n\t\t\t\t<\/div>\n\t\t\t\t\t\t<\/div>\n\t\t\t<\/div>\n\t\t<\/div>\n\t\t\t\t\t\t<\/div>\n\t\t\t<\/div>\n\t\t<\/section>\n\t\t\t\t\t\t<\/div>\n\t\t\t<\/div>\n\t\t<\/div>\n\t\t","protected":false},"excerpt":{"rendered":"<p>Emergency Situations To avoid a serious emergency situation please note the following: Personal Injury Please ensure that everyone in your group has read and is aware of the information provided&#8230;<\/p>\n","protected":false},"author":3,"featured_media":0,"parent":0,"menu_order":0,"comment_status":"closed","ping_status":"closed","template":"","meta":{"footnotes":""},"_links":{"self":[{"href":"https:\/\/gb.maisonlesremparts.com\/guests\/wp-json\/wp\/v2\/pages\/5300"}],"collection":[{"href":"https:\/\/gb.maisonlesremparts.com\/guests\/wp-json\/wp\/v2\/pages"}],"about":[{"href":"https:\/\/gb.maisonlesremparts.com\/guests\/wp-json\/wp\/v2\/types\/page"}],"author":[{"embeddable":true,"href":"https:\/\/gb.maisonlesremparts.com\/guests\/wp-json\/wp\/v2\/users\/3"}],"replies":[{"embeddable":true,"href":"https:\/\/gb.maisonlesremparts.com\/guests\/wp-json\/wp\/v2\/comments?post=5300"}],"version-history":[{"count":49,"href":"https:\/\/gb.maisonlesremparts.com\/guests\/wp-json\/wp\/v2\/pages\/5300\/revisions"}],"predecessor-version":[{"id":7421,"href":"https:\/\/gb.maisonlesremparts.com\/guests\/wp-json\/wp\/v2\/pages\/5300\/revisions\/7421"}],"wp:attachment":[{"href":"https:\/\/gb.maisonlesremparts.com\/guests\/wp-json\/wp\/v2\/media?parent=5300"}],"curies":[{"name":"wp","href":"https:\/\/api.w.org\/{rel}","templated":true}]}}